{"id":13,"date":"2025-11-05T14:22:28","date_gmt":"2025-11-05T14:22:28","guid":{"rendered":"https:\/\/doublekbilbao.rkinformatika.online\/?page_id=13"},"modified":"2025-11-07T15:20:27","modified_gmt":"2025-11-07T15:20:27","slug":"inicio","status":"publish","type":"page","link":"https:\/\/doublekbilbao.com\/eu\/","title":{"rendered":"Hasiera"},"content":{"rendered":"<div data-elementor-type=\"wp-page\" data-elementor-id=\"13\" class=\"elementor elementor-13\" data-elementor-post-type=\"page\">\n\t\t\t\t<div class=\"elementor-element elementor-element-9ef2fc1 e-flex e-con-boxed e-con e-parent\" data-id=\"9ef2fc1\" data-element_type=\"container\" data-e-type=\"container\" data-settings=\"{&quot;background_background&quot;:&quot;classic&quot;}\">\n\t\t\t\t\t<div class=\"e-con-inner\">\n\t\t\t\t<div class=\"elementor-element elementor-element-6bdffad animated-slow elementor-invisible elementor-widget elementor-widget-heading\" data-id=\"6bdffad\" data-element_type=\"widget\" data-e-type=\"widget\" data-settings=\"{&quot;_animation&quot;:&quot;fadeInRight&quot;}\" data-widget_type=\"heading.default\">\n\t\t\t\t\t<h2 class=\"elementor-heading-title elementor-size-default\">Double K<\/h2>\t\t\t\t<\/div>\n\t\t\t\t<div class=\"elementor-element elementor-element-b87de5d elementor-widget__width-initial elementor-widget elementor-widget-text-editor\" data-id=\"b87de5d\" data-element_type=\"widget\" data-e-type=\"widget\" data-widget_type=\"text-editor.default\">\n\t\t\t\t\t\t\t\t\t<p>Zure adatsa zerbitzu eta produktu onenekin zaintzen dugu.<\/p>\t\t\t\t\t\t\t\t<\/div>\n\t\t\t\t\t<\/div>\n\t\t\t\t<\/div>\n\t\t<div class=\"elementor-element elementor-element-d665486 e-flex e-con-boxed e-con e-parent\" data-id=\"d665486\" data-element_type=\"container\" data-e-type=\"container\">\n\t\t\t\t\t<div class=\"e-con-inner\">\n\t\t<div class=\"elementor-element elementor-element-1cb33d4 e-con-full e-flex e-con e-child\" data-id=\"1cb33d4\" data-element_type=\"container\" data-e-type=\"container\">\n\t\t\t\t<div class=\"elementor-element elementor-element-3a70639 elementor-widget elementor-widget-image\" data-id=\"3a70639\" data-element_type=\"widget\" data-e-type=\"widget\" data-widget_type=\"image.default\">\n\t\t\t\t\t\t\t\t\t\t\t\t\t\t\t<img fetchpriority=\"high\" decoding=\"async\" width=\"800\" height=\"600\" src=\"https:\/\/doublekbilbao.com\/wp-content\/uploads\/2025\/11\/WhatsApp-Image-2025-11-05-at-16.41.12-1-1024x768.jpeg\" class=\"attachment-large size-large wp-image-507\" alt=\"\" srcset=\"https:\/\/doublekbilbao.com\/wp-content\/uploads\/2025\/11\/WhatsApp-Image-2025-11-05-at-16.41.12-1-1024x768.jpeg 1024w, https:\/\/doublekbilbao.com\/wp-content\/uploads\/2025\/11\/WhatsApp-Image-2025-11-05-at-16.41.12-1-300x225.jpeg 300w, https:\/\/doublekbilbao.com\/wp-content\/uploads\/2025\/11\/WhatsApp-Image-2025-11-05-at-16.41.12-1-768x576.jpeg 768w, https:\/\/doublekbilbao.com\/wp-content\/uploads\/2025\/11\/WhatsApp-Image-2025-11-05-at-16.41.12-1-1536x1152.jpeg 1536w, https:\/\/doublekbilbao.com\/wp-content\/uploads\/2025\/11\/WhatsApp-Image-2025-11-05-at-16.41.12-1-16x12.jpeg 16w, https:\/\/doublekbilbao.com\/wp-content\/uploads\/2025\/11\/WhatsApp-Image-2025-11-05-at-16.41.12-1.jpeg 1600w\" sizes=\"(max-width: 800px) 100vw, 800px\" \/>\t\t\t\t\t\t\t\t\t\t\t\t\t\t\t<\/div>\n\t\t\t\t<\/div>\n\t\t<div class=\"elementor-element elementor-element-0021159 e-con-full e-flex e-con e-child\" data-id=\"0021159\" data-element_type=\"container\" data-e-type=\"container\">\n\t\t\t\t<div class=\"elementor-element elementor-element-7e09bd2 elementor-invisible elementor-widget elementor-widget-heading\" data-id=\"7e09bd2\" data-element_type=\"widget\" data-e-type=\"widget\" data-settings=\"{&quot;_animation&quot;:&quot;fadeInRight&quot;}\" data-widget_type=\"heading.default\">\n\t\t\t\t\t<h2 class=\"elementor-heading-title elementor-size-default\">Double K-ri buruz<\/h2>\t\t\t\t<\/div>\n\t\t\t\t<div class=\"elementor-element elementor-element-4d4b534 elementor-widget elementor-widget-text-editor\" data-id=\"4d4b534\" data-element_type=\"widget\" data-e-type=\"widget\" data-widget_type=\"text-editor.default\">\n\t\t\t\t\t\t\t\t\t<p>16 urte baino gehiagoko esperientziarekin, bezero bakoitzaren irudia eta ongizatea zaintzeko ile-apaindegi bat gara. Ile mota guztietarako ebaketa, kolore, lisatze zerbitzu iraunkorrak eta tratamendu pertsonalizatuak eskaintzen ditugu, betiere arreta profesional eta hurbilarekin.<\/p><p>Kalitatezko produktuekin lan egiten dugu, hala nola shampoekin, maskarekin, keratina tratamenduekin, elikagarriekin eta buruko larruaren detoxarekin, zure ilea sustraitik puntetaraino zainduz, emaitza osasungarria, naturala eta bizitzaz betea lortzeko.<\/p>\t\t\t\t\t\t\t\t<\/div>\n\t\t\t\t<\/div>\n\t\t\t\t\t<\/div>\n\t\t\t\t<\/div>\n\t\t<div class=\"elementor-element elementor-element-e961eda e-con-full e-flex e-con e-parent\" data-id=\"e961eda\" data-element_type=\"container\" data-e-type=\"container\">\n\t\t\t\t<div class=\"elementor-element elementor-element-22f8266 elementor-widget elementor-widget-image-carousel\" data-id=\"22f8266\" data-element_type=\"widget\" data-e-type=\"widget\" data-settings=\"{&quot;slides_to_show&quot;:&quot;6&quot;,&quot;slides_to_scroll&quot;:&quot;1&quot;,&quot;navigation&quot;:&quot;none&quot;,&quot;image_spacing_custom&quot;:{&quot;unit&quot;:&quot;px&quot;,&quot;size&quot;:3,&quot;sizes&quot;:[]},&quot;slides_to_show_tablet&quot;:&quot;4&quot;,&quot;slides_to_show_mobile&quot;:&quot;2&quot;,&quot;autoplay&quot;:&quot;yes&quot;,&quot;pause_on_hover&quot;:&quot;yes&quot;,&quot;pause_on_interaction&quot;:&quot;yes&quot;,&quot;autoplay_speed&quot;:5000,&quot;infinite&quot;:&quot;yes&quot;,&quot;speed&quot;:500,&quot;image_spacing_custom_tablet&quot;:{&quot;unit&quot;:&quot;px&quot;,&quot;size&quot;:&quot;&quot;,&quot;sizes&quot;:[]},&quot;image_spacing_custom_mobile&quot;:{&quot;unit&quot;:&quot;px&quot;,&quot;size&quot;:&quot;&quot;,&quot;sizes&quot;:[]}}\" data-widget_type=\"image-carousel.default\">\n\t\t\t\t\t\t\t<div class=\"elementor-image-carousel-wrapper swiper\" role=\"region\" aria-roledescription=\"carousel\" aria-label=\"Carrusel de im\u00e1genes\" dir=\"ltr\">\n\t\t\t<div class=\"elementor-image-carousel swiper-wrapper\" aria-live=\"off\">\n\t\t\t\t\t\t\t\t<div class=\"swiper-slide\" role=\"group\" aria-roledescription=\"slide\" aria-label=\"1 de 7\"><a data-elementor-open-lightbox=\"yes\" data-elementor-lightbox-slideshow=\"22f8266\" data-e-action-hash=\"#elementor-action%3Aaction%3Dlightbox%26settings%3DeyJpZCI6NTA4LCJ1cmwiOiJodHRwczpcL1wvZG91Ymxla2JpbGJhby5jb21cL3dwLWNvbnRlbnRcL3VwbG9hZHNcLzIwMjVcLzExXC9XaGF0c0FwcC1JbWFnZS0yMDI1LTExLTA1LWF0LTE2LjQxLjI5LXNjYWxlZC5qcGVnIiwic2xpZGVzaG93IjoiMjJmODI2NiJ9\" href=\"https:\/\/doublekbilbao.com\/wp-content\/uploads\/2025\/11\/WhatsApp-Image-2025-11-05-at-16.41.29-scaled.jpeg\"><figure class=\"swiper-slide-inner\"><img decoding=\"async\" class=\"swiper-slide-image\" src=\"https:\/\/doublekbilbao.com\/wp-content\/uploads\/2025\/11\/WhatsApp-Image-2025-11-05-at-16.41.29-1536x2048.jpeg\" alt=\"\" \/><\/figure><\/a><\/div><div class=\"swiper-slide\" role=\"group\" aria-roledescription=\"slide\" aria-label=\"2 de 7\"><a data-elementor-open-lightbox=\"yes\" data-elementor-lightbox-slideshow=\"22f8266\" data-e-action-hash=\"#elementor-action%3Aaction%3Dlightbox%26settings%3DeyJpZCI6NTAwLCJ1cmwiOiJodHRwczpcL1wvZG91Ymxla2JpbGJhby5jb21cL3dwLWNvbnRlbnRcL3VwbG9hZHNcLzIwMjVcLzExXC9XaGF0c0FwcC1JbWFnZS0yMDI1LTExLTA1LWF0LTE2LjQwLjU2LmpwZWciLCJzbGlkZXNob3ciOiIyMmY4MjY2In0%3D\" href=\"https:\/\/doublekbilbao.com\/wp-content\/uploads\/2025\/11\/WhatsApp-Image-2025-11-05-at-16.40.56.jpeg\"><figure class=\"swiper-slide-inner\"><img decoding=\"async\" class=\"swiper-slide-image\" src=\"https:\/\/doublekbilbao.com\/wp-content\/uploads\/2025\/11\/WhatsApp-Image-2025-11-05-at-16.40.56.jpeg\" alt=\"\" \/><\/figure><\/a><\/div><div class=\"swiper-slide\" role=\"group\" aria-roledescription=\"slide\" aria-label=\"3 de 7\"><a data-elementor-open-lightbox=\"yes\" data-elementor-lightbox-slideshow=\"22f8266\" data-e-action-hash=\"#elementor-action%3Aaction%3Dlightbox%26settings%3DeyJpZCI6NTAxLCJ1cmwiOiJodHRwczpcL1wvZG91Ymxla2JpbGJhby5jb21cL3dwLWNvbnRlbnRcL3VwbG9hZHNcLzIwMjVcLzExXC9XaGF0c0FwcC1JbWFnZS0yMDI1LTExLTA1LWF0LTE2LjQwLjU2LTEuanBlZyIsInNsaWRlc2hvdyI6IjIyZjgyNjYifQ%3D%3D\" href=\"https:\/\/doublekbilbao.com\/wp-content\/uploads\/2025\/11\/WhatsApp-Image-2025-11-05-at-16.40.56-1.jpeg\"><figure class=\"swiper-slide-inner\"><img decoding=\"async\" class=\"swiper-slide-image\" src=\"https:\/\/doublekbilbao.com\/wp-content\/uploads\/2025\/11\/WhatsApp-Image-2025-11-05-at-16.40.56-1.jpeg\" alt=\"\" \/><\/figure><\/a><\/div><div class=\"swiper-slide\" role=\"group\" aria-roledescription=\"slide\" aria-label=\"4 de 7\"><a data-elementor-open-lightbox=\"yes\" data-elementor-lightbox-slideshow=\"22f8266\" data-e-action-hash=\"#elementor-action%3Aaction%3Dlightbox%26settings%3DeyJpZCI6NTAyLCJ1cmwiOiJodHRwczpcL1wvZG91Ymxla2JpbGJhby5jb21cL3dwLWNvbnRlbnRcL3VwbG9hZHNcLzIwMjVcLzExXC9XaGF0c0FwcC1JbWFnZS0yMDI1LTExLTA1LWF0LTE2LjQwLjU2LTIuanBlZyIsInNsaWRlc2hvdyI6IjIyZjgyNjYifQ%3D%3D\" href=\"https:\/\/doublekbilbao.com\/wp-content\/uploads\/2025\/11\/WhatsApp-Image-2025-11-05-at-16.40.56-2.jpeg\"><figure class=\"swiper-slide-inner\"><img decoding=\"async\" class=\"swiper-slide-image\" src=\"https:\/\/doublekbilbao.com\/wp-content\/uploads\/2025\/11\/WhatsApp-Image-2025-11-05-at-16.40.56-2.jpeg\" alt=\"\" \/><\/figure><\/a><\/div><div class=\"swiper-slide\" role=\"group\" aria-roledescription=\"slide\" aria-label=\"5 de 7\"><a data-elementor-open-lightbox=\"yes\" data-elementor-lightbox-slideshow=\"22f8266\" data-e-action-hash=\"#elementor-action%3Aaction%3Dlightbox%26settings%3DeyJpZCI6NTA1LCJ1cmwiOiJodHRwczpcL1wvZG91Ymxla2JpbGJhby5jb21cL3dwLWNvbnRlbnRcL3VwbG9hZHNcLzIwMjVcLzExXC9XaGF0c0FwcC1JbWFnZS0yMDI1LTExLTA1LWF0LTE2LjQwLjU3LmpwZWciLCJzbGlkZXNob3ciOiIyMmY4MjY2In0%3D\" href=\"https:\/\/doublekbilbao.com\/wp-content\/uploads\/2025\/11\/WhatsApp-Image-2025-11-05-at-16.40.57.jpeg\"><figure class=\"swiper-slide-inner\"><img decoding=\"async\" class=\"swiper-slide-image\" src=\"https:\/\/doublekbilbao.com\/wp-content\/uploads\/2025\/11\/WhatsApp-Image-2025-11-05-at-16.40.57.jpeg\" alt=\"\" \/><\/figure><\/a><\/div><div class=\"swiper-slide\" role=\"group\" aria-roledescription=\"slide\" aria-label=\"6 de 7\"><a data-elementor-open-lightbox=\"yes\" data-elementor-lightbox-slideshow=\"22f8266\" data-e-action-hash=\"#elementor-action%3Aaction%3Dlightbox%26settings%3DeyJpZCI6NTA0LCJ1cmwiOiJodHRwczpcL1wvZG91Ymxla2JpbGJhby5jb21cL3dwLWNvbnRlbnRcL3VwbG9hZHNcLzIwMjVcLzExXC9XaGF0c0FwcC1JbWFnZS0yMDI1LTExLTA1LWF0LTE2LjQwLjU2LTQuanBlZyIsInNsaWRlc2hvdyI6IjIyZjgyNjYifQ%3D%3D\" href=\"https:\/\/doublekbilbao.com\/wp-content\/uploads\/2025\/11\/WhatsApp-Image-2025-11-05-at-16.40.56-4.jpeg\"><figure class=\"swiper-slide-inner\"><img decoding=\"async\" class=\"swiper-slide-image\" src=\"https:\/\/doublekbilbao.com\/wp-content\/uploads\/2025\/11\/WhatsApp-Image-2025-11-05-at-16.40.56-4.jpeg\" alt=\"\" \/><\/figure><\/a><\/div><div class=\"swiper-slide\" role=\"group\" aria-roledescription=\"slide\" aria-label=\"7 de 7\"><a data-elementor-open-lightbox=\"yes\" data-elementor-lightbox-slideshow=\"22f8266\" data-e-action-hash=\"#elementor-action%3Aaction%3Dlightbox%26settings%3DeyJpZCI6NTAzLCJ1cmwiOiJodHRwczpcL1wvZG91Ymxla2JpbGJhby5jb21cL3dwLWNvbnRlbnRcL3VwbG9hZHNcLzIwMjVcLzExXC9XaGF0c0FwcC1JbWFnZS0yMDI1LTExLTA1LWF0LTE2LjQwLjU2LTMuanBlZyIsInNsaWRlc2hvdyI6IjIyZjgyNjYifQ%3D%3D\" href=\"https:\/\/doublekbilbao.com\/wp-content\/uploads\/2025\/11\/WhatsApp-Image-2025-11-05-at-16.40.56-3.jpeg\"><figure class=\"swiper-slide-inner\"><img decoding=\"async\" class=\"swiper-slide-image\" src=\"https:\/\/doublekbilbao.com\/wp-content\/uploads\/2025\/11\/WhatsApp-Image-2025-11-05-at-16.40.56-3.jpeg\" alt=\"\" \/><\/figure><\/a><\/div>\t\t\t<\/div>\n\t\t\t\t\t\t\t\n\t\t\t\t\t\t\t\t\t<\/div>\n\t\t\t\t\t\t<\/div>\n\t\t\t\t<\/div>\n\t\t\t\t<\/div>","protected":false},"excerpt":{"rendered":"<p>Double K Cuidamos tu melena con los mejores servicios y productos. Sobre Double K Con m\u00e1s de 16 a\u00f1os de experiencia, somos un sal\u00f3n de peluquer\u00eda dedicado a cuidar la imagen y el bienestar de cada cliente. Ofrecemos servicios de corte, color, alisado, permanentes y tratamientos personalizados para todo tipo de cabello, siempre con atenci\u00f3n [&hellip;]<\/p>\n","protected":false},"author":1,"featured_media":0,"parent":0,"menu_order":0,"comment_status":"closed","ping_status":"closed","template":"elementor_canvas","meta":{"footnotes":""},"class_list":["post-13","page","type-page","status-publish","hentry"],"yoast_head":"<!-- This site is optimized with the Yoast SEO plugin v27.4 - https:\/\/yoast.com\/product\/yoast-seo-wordpress\/ -->\n<title>Inicio - Double K<\/title>\n<meta name=\"robots\" content=\"index, follow, max-snippet:-1, max-image-preview:large, max-video-preview:-1\" \/>\n<link rel=\"canonical\" href=\"https:\/\/doublekbilbao.com\/eu\/\" \/>\n<meta property=\"og:locale\" content=\"en_US\" \/>\n<meta property=\"og:type\" content=\"article\" \/>\n<meta property=\"og:title\" content=\"Inicio - Double K\" \/>\n<meta property=\"og:description\" content=\"Double K Cuidamos tu melena con los mejores servicios y productos. Sobre Double K Con m\u00e1s de 16 a\u00f1os de experiencia, somos un sal\u00f3n de peluquer\u00eda dedicado a cuidar la imagen y el bienestar de cada cliente. Ofrecemos servicios de corte, color, alisado, permanentes y tratamientos personalizados para todo tipo de cabello, siempre con atenci\u00f3n [&hellip;]\" \/>\n<meta property=\"og:url\" content=\"https:\/\/doublekbilbao.com\/eu\/\" \/>\n<meta property=\"og:site_name\" content=\"Double K\" \/>\n<meta property=\"article:modified_time\" content=\"2025-11-07T15:20:27+00:00\" \/>\n<meta property=\"og:image\" content=\"https:\/\/doublekbilbao.com\/wp-content\/uploads\/2025\/11\/WhatsApp-Image-2025-11-05-at-16.41.12-1.jpeg\" \/>\n\t<meta property=\"og:image:width\" content=\"1600\" \/>\n\t<meta property=\"og:image:height\" content=\"1200\" \/>\n\t<meta property=\"og:image:type\" content=\"image\/jpeg\" \/>\n<meta name=\"twitter:card\" content=\"summary_large_image\" \/>\n<meta name=\"twitter:label1\" content=\"Est. reading time\" \/>\n\t<meta name=\"twitter:data1\" content=\"5 minutua\" \/>\n<script type=\"application\/ld+json\" class=\"yoast-schema-graph\">{\"@context\":\"https:\\\/\\\/schema.org\",\"@graph\":[{\"@type\":\"WebPage\",\"@id\":\"https:\\\/\\\/doublekbilbao.com\\\/\",\"url\":\"https:\\\/\\\/doublekbilbao.com\\\/\",\"name\":\"Inicio - Double K\",\"isPartOf\":{\"@id\":\"https:\\\/\\\/doublekbilbao.com\\\/#website\"},\"primaryImageOfPage\":{\"@id\":\"https:\\\/\\\/doublekbilbao.com\\\/#primaryimage\"},\"image\":{\"@id\":\"https:\\\/\\\/doublekbilbao.com\\\/#primaryimage\"},\"thumbnailUrl\":\"https:\\\/\\\/doublekbilbao.com\\\/wp-content\\\/uploads\\\/2025\\\/11\\\/WhatsApp-Image-2025-11-05-at-16.41.12-1-1024x768.jpeg\",\"datePublished\":\"2025-11-05T14:22:28+00:00\",\"dateModified\":\"2025-11-07T15:20:27+00:00\",\"breadcrumb\":{\"@id\":\"https:\\\/\\\/doublekbilbao.com\\\/#breadcrumb\"},\"inLanguage\":\"eu\",\"potentialAction\":[{\"@type\":\"ReadAction\",\"target\":[\"https:\\\/\\\/doublekbilbao.com\\\/\"]}]},{\"@type\":\"ImageObject\",\"inLanguage\":\"eu\",\"@id\":\"https:\\\/\\\/doublekbilbao.com\\\/#primaryimage\",\"url\":\"https:\\\/\\\/doublekbilbao.com\\\/wp-content\\\/uploads\\\/2025\\\/11\\\/WhatsApp-Image-2025-11-05-at-16.41.12-1-1024x768.jpeg\",\"contentUrl\":\"https:\\\/\\\/doublekbilbao.com\\\/wp-content\\\/uploads\\\/2025\\\/11\\\/WhatsApp-Image-2025-11-05-at-16.41.12-1-1024x768.jpeg\"},{\"@type\":\"BreadcrumbList\",\"@id\":\"https:\\\/\\\/doublekbilbao.com\\\/#breadcrumb\",\"itemListElement\":[{\"@type\":\"ListItem\",\"position\":1,\"name\":\"Portada\",\"item\":\"https:\\\/\\\/doublekbilbao.com\\\/\"},{\"@type\":\"ListItem\",\"position\":2,\"name\":\"Inicio\"}]},{\"@type\":\"WebSite\",\"@id\":\"https:\\\/\\\/doublekbilbao.com\\\/#website\",\"url\":\"https:\\\/\\\/doublekbilbao.com\\\/\",\"name\":\"Double K\",\"description\":\"\",\"publisher\":{\"@id\":\"https:\\\/\\\/doublekbilbao.com\\\/#organization\"},\"potentialAction\":[{\"@type\":\"SearchAction\",\"target\":{\"@type\":\"EntryPoint\",\"urlTemplate\":\"https:\\\/\\\/doublekbilbao.com\\\/?s={search_term_string}\"},\"query-input\":{\"@type\":\"PropertyValueSpecification\",\"valueRequired\":true,\"valueName\":\"search_term_string\"}}],\"inLanguage\":\"eu\"},{\"@type\":\"Organization\",\"@id\":\"https:\\\/\\\/doublekbilbao.com\\\/#organization\",\"name\":\"Double K\",\"url\":\"https:\\\/\\\/doublekbilbao.com\\\/\",\"logo\":{\"@type\":\"ImageObject\",\"inLanguage\":\"eu\",\"@id\":\"https:\\\/\\\/doublekbilbao.com\\\/#\\\/schema\\\/logo\\\/image\\\/\",\"url\":\"https:\\\/\\\/doublekbilbao.com\\\/wp-content\\\/uploads\\\/2025\\\/11\\\/cropped-2.png\",\"contentUrl\":\"https:\\\/\\\/doublekbilbao.com\\\/wp-content\\\/uploads\\\/2025\\\/11\\\/cropped-2.png\",\"width\":500,\"height\":500,\"caption\":\"Double K\"},\"image\":{\"@id\":\"https:\\\/\\\/doublekbilbao.com\\\/#\\\/schema\\\/logo\\\/image\\\/\"}}]}<\/script>\n<!-- \/ Yoast SEO plugin. -->","yoast_head_json":{"title":"Inicio - Double K","robots":{"index":"index","follow":"follow","max-snippet":"max-snippet:-1","max-image-preview":"max-image-preview:large","max-video-preview":"max-video-preview:-1"},"canonical":"https:\/\/doublekbilbao.com\/eu\/","og_locale":"en_US","og_type":"article","og_title":"Inicio - Double K","og_description":"Double K Cuidamos tu melena con los mejores servicios y productos. Sobre Double K Con m\u00e1s de 16 a\u00f1os de experiencia, somos un sal\u00f3n de peluquer\u00eda dedicado a cuidar la imagen y el bienestar de cada cliente. Ofrecemos servicios de corte, color, alisado, permanentes y tratamientos personalizados para todo tipo de cabello, siempre con atenci\u00f3n [&hellip;]","og_url":"https:\/\/doublekbilbao.com\/eu\/","og_site_name":"Double K","article_modified_time":"2025-11-07T15:20:27+00:00","og_image":[{"width":1600,"height":1200,"url":"https:\/\/doublekbilbao.com\/wp-content\/uploads\/2025\/11\/WhatsApp-Image-2025-11-05-at-16.41.12-1.jpeg","type":"image\/jpeg"}],"twitter_card":"summary_large_image","twitter_misc":{"Est. reading time":"5 minutua"},"schema":{"@context":"https:\/\/schema.org","@graph":[{"@type":"WebPage","@id":"https:\/\/doublekbilbao.com\/","url":"https:\/\/doublekbilbao.com\/","name":"Inicio - Double K","isPartOf":{"@id":"https:\/\/doublekbilbao.com\/#website"},"primaryImageOfPage":{"@id":"https:\/\/doublekbilbao.com\/#primaryimage"},"image":{"@id":"https:\/\/doublekbilbao.com\/#primaryimage"},"thumbnailUrl":"https:\/\/doublekbilbao.com\/wp-content\/uploads\/2025\/11\/WhatsApp-Image-2025-11-05-at-16.41.12-1-1024x768.jpeg","datePublished":"2025-11-05T14:22:28+00:00","dateModified":"2025-11-07T15:20:27+00:00","breadcrumb":{"@id":"https:\/\/doublekbilbao.com\/#breadcrumb"},"inLanguage":"eu","potentialAction":[{"@type":"ReadAction","target":["https:\/\/doublekbilbao.com\/"]}]},{"@type":"ImageObject","inLanguage":"eu","@id":"https:\/\/doublekbilbao.com\/#primaryimage","url":"https:\/\/doublekbilbao.com\/wp-content\/uploads\/2025\/11\/WhatsApp-Image-2025-11-05-at-16.41.12-1-1024x768.jpeg","contentUrl":"https:\/\/doublekbilbao.com\/wp-content\/uploads\/2025\/11\/WhatsApp-Image-2025-11-05-at-16.41.12-1-1024x768.jpeg"},{"@type":"BreadcrumbList","@id":"https:\/\/doublekbilbao.com\/#breadcrumb","itemListElement":[{"@type":"ListItem","position":1,"name":"Portada","item":"https:\/\/doublekbilbao.com\/"},{"@type":"ListItem","position":2,"name":"Inicio"}]},{"@type":"WebSite","@id":"https:\/\/doublekbilbao.com\/#website","url":"https:\/\/doublekbilbao.com\/","name":"Double K","description":"","publisher":{"@id":"https:\/\/doublekbilbao.com\/#organization"},"potentialAction":[{"@type":"SearchAction","target":{"@type":"EntryPoint","urlTemplate":"https:\/\/doublekbilbao.com\/?s={search_term_string}"},"query-input":{"@type":"PropertyValueSpecification","valueRequired":true,"valueName":"search_term_string"}}],"inLanguage":"eu"},{"@type":"Organization","@id":"https:\/\/doublekbilbao.com\/#organization","name":"Double K","url":"https:\/\/doublekbilbao.com\/","logo":{"@type":"ImageObject","inLanguage":"eu","@id":"https:\/\/doublekbilbao.com\/#\/schema\/logo\/image\/","url":"https:\/\/doublekbilbao.com\/wp-content\/uploads\/2025\/11\/cropped-2.png","contentUrl":"https:\/\/doublekbilbao.com\/wp-content\/uploads\/2025\/11\/cropped-2.png","width":500,"height":500,"caption":"Double K"},"image":{"@id":"https:\/\/doublekbilbao.com\/#\/schema\/logo\/image\/"}}]}},"_links":{"self":[{"href":"https:\/\/doublekbilbao.com\/eu\/wp-json\/wp\/v2\/pages\/13","targetHints":{"allow":["GET"]}}],"collection":[{"href":"https:\/\/doublekbilbao.com\/eu\/wp-json\/wp\/v2\/pages"}],"about":[{"href":"https:\/\/doublekbilbao.com\/eu\/wp-json\/wp\/v2\/types\/page"}],"author":[{"embeddable":true,"href":"https:\/\/doublekbilbao.com\/eu\/wp-json\/wp\/v2\/users\/1"}],"replies":[{"embeddable":true,"href":"https:\/\/doublekbilbao.com\/eu\/wp-json\/wp\/v2\/comments?post=13"}],"version-history":[{"count":190,"href":"https:\/\/doublekbilbao.com\/eu\/wp-json\/wp\/v2\/pages\/13\/revisions"}],"predecessor-version":[{"id":897,"href":"https:\/\/doublekbilbao.com\/eu\/wp-json\/wp\/v2\/pages\/13\/revisions\/897"}],"wp:attachment":[{"href":"https:\/\/doublekbilbao.com\/eu\/wp-json\/wp\/v2\/media?parent=13"}],"curies":[{"name":"wp","href":"https:\/\/api.w.org\/{rel}","templated":true}]}}